{"id":27,"date":"2020-09-14T11:31:03","date_gmt":"2020-09-14T11:31:03","guid":{"rendered":"https:\/\/vncarbonmarket.com\/?page_id=27"},"modified":"2023-12-05T21:32:02","modified_gmt":"2023-12-05T14:32:02","slug":"news-old","status":"publish","type":"page","link":"https:\/\/vncarbonmarket.com\/en\/news-old\/","title":{"rendered":"News"},"content":{"rendered":"<div class=\"fusion-fullwidth fullwidth-box fusion-builder-row-1 fusion-flex-container nonhundred-percent-fullwidth non-hundred-percent-height-scrolling\" style=\"--awb-border-radius-top-left:0px;--awb-border-radius-top-right:0px;--awb-border-radius-bottom-right:0px;--awb-border-radius-bottom-left:0px;--awb-padding-top:90px;--awb-flex-wrap:wrap;\" ><div class=\"fusion-builder-row fusion-row fusion-flex-align-items-flex-start fusion-flex-content-wrap\" style=\"max-width:1248px;margin-left: calc(-4% \/ 2 );margin-right: calc(-4% \/ 2 );\"><div class=\"fusion-layout-column fusion_builder_column fusion-builder-column-0 fusion_builder_column_1_1 1_1 fusion-flex-column fusion-animated\" style=\"--awb-bg-size:cover;--awb-width-large:100%;--awb-margin-top-large:0px;--awb-spacing-right-large:1.92%;--awb-margin-bottom-large:20px;--awb-spacing-left-large:1.92%;--awb-width-medium:100%;--awb-order-medium:0;--awb-spacing-right-medium:1.92%;--awb-spacing-left-medium:1.92%;--awb-width-small:100%;--awb-order-small:0;--awb-spacing-right-small:1.92%;--awb-spacing-left-small:1.92%;\" data-animationType=\"fadeInUp\" data-animationDuration=\"1.0\" data-animationOffset=\"top-into-view\"><div class=\"fusion-column-wrapper fusion-column-has-shadow fusion-flex-justify-content-flex-start fusion-content-layout-column\"><div class=\"fusion-blog-shortcode fusion-blog-shortcode-1 fusion-blog-archive fusion-blog-layout-grid-wrapper fusion-blog-pagination fusion-blog-layout-center\"><style type=\"text\/css\">.fusion-blog-shortcode-1 .fusion-blog-layout-grid .fusion-post-grid{padding:20px;}.fusion-blog-shortcode-1 .fusion-posts-container{margin-left: -20px !important; margin-right:-20px !important;}<\/style><div class=\"fusion-posts-container fusion-posts-container-pagination fusion-blog-layout-grid fusion-blog-layout-grid-3 isotope fusion-blog-equal-heights\" data-pages=\"26\" data-grid-col-space=\"40\" style=\"margin: -20px -20px 0;min-height:500px;\"><article id=\"blog-1-post-2634\" class=\"fusion-post-grid post-2634 post type-post status-publish format-standard hentry category-uncategorized\">\n<div class=\"fusion-post-wrapper\" style=\"background-color:rgba(255,255,255,0);border:none;\">\n\n<div class=\"fusion-post-content-wrapper\" style=\"padding:30px 25px 25px 00px;\"><div class=\"fusion-post-content post-content\"><h2 class=\"blog-shortcode-post-title entry-title\"><a href=\"https:\/\/vncarbonmarket.com\/en\/review-trai-nghiem-dang-nhap-qua-cong-telegram-cua-he-thong-f168\/\">Review Tr\u1ea3i Nghi\u1ec7m \u0110\u0103ng Nh\u1eadp Qua C\u1ed5ng Telegram C\u1ee7a H\u1ec7 Th\u1ed1ng F168<\/a><\/h2><p class=\"fusion-single-line-meta\"><span class=\"vcard\" style=\"display: none;\"><span class=\"fn\"><a href=\"https:\/\/vncarbonmarket.com\/en\/author\/minhph\/\" title=\"Posts by Pham Hai Minh\" rel=\"author\">Pham Hai Minh<\/a><\/span><\/span><span class=\"updated\" style=\"display:none;\">2026-04-21T01:48:45+07:00<\/span><span>21\/04\/2026<\/span><span class=\"fusion-inline-sep\">|<\/span><\/p><div class=\"fusion-content-sep sep-none\"><\/div><div class=\"fusion-post-content-container\"><p>Trong th\u1eddi \u0111\u1ea1i s\u1ed1 h\u00f3a ph\u00e1t tri\u1ec3n m\u1ea1nh m\u1ebd, vi\u1ec7c b\u1ea3o m\u1eadt v\u00e0 \u0111\u01a1n gi\u1ea3n h\u00f3a quy tr\u00ecnh \u0111\u0103ng nh\u1eadp...<\/p><\/div><\/div><\/div><div class=\"fusion-clearfix\"><\/div><\/div>\n<\/article>\n<article id=\"blog-1-post-2633\" class=\"fusion-post-grid post-2633 post type-post status-publish format-standard hentry category-uncategorized\">\n<div class=\"fusion-post-wrapper\" style=\"background-color:rgba(255,255,255,0);border:none;\">\n\n<div class=\"fusion-post-content-wrapper\" style=\"padding:30px 25px 25px 00px;\"><div class=\"fusion-post-content post-content\"><h2 class=\"blog-shortcode-post-title entry-title\"><a href=\"https:\/\/vncarbonmarket.com\/en\/su-kien-diem-danh-moi-ngay-truy-cap-tai-khoan-nhan-lien-tay-li-xi\/\">S\u1ef1 ki\u1ec7n \u0111i\u1ec3m danh m\u1ed7i ng\u00e0y: Truy c\u1eadp t\u00e0i kho\u1ea3n nh\u1eadn li\u1ec1n tay l\u00ec x\u00ec<\/a><\/h2><p class=\"fusion-single-line-meta\"><span class=\"vcard\" style=\"display: none;\"><span class=\"fn\"><a href=\"https:\/\/vncarbonmarket.com\/en\/author\/minhph\/\" title=\"Posts by Pham Hai Minh\" rel=\"author\">Pham Hai Minh<\/a><\/span><\/span><span class=\"updated\" style=\"display:none;\">2026-04-19T17:05:51+07:00<\/span><span>19\/04\/2026<\/span><span class=\"fusion-inline-sep\">|<\/span><\/p><div class=\"fusion-content-sep sep-none\"><\/div><div class=\"fusion-post-content-container\"><p>Trong th\u1eddi \u0111\u1ea1i s\u1ed1 h\u00f3a, vi\u1ec7c tham gia c\u00e1c ch\u01b0\u01a1ng tr\u00ecnh khuy\u1ebfn m\u00e3i tr\u1ef1c tuy\u1ebfn kh\u00f4ng ch\u1ec9 l\u00e0 c\u01a1 h\u1ed9i...<\/p><\/div><\/div><\/div><div class=\"fusion-clearfix\"><\/div><\/div>\n<\/article>\n<article id=\"blog-1-post-2632\" class=\"fusion-post-grid post-2632 post type-post status-publish format-standard hentry category-uncategorized\">\n<div class=\"fusion-post-wrapper\" style=\"background-color:rgba(255,255,255,0);border:none;\">\n\n<div class=\"fusion-post-content-wrapper\" style=\"padding:30px 25px 25px 00px;\"><div class=\"fusion-post-content post-content\"><h2 class=\"blog-shortcode-post-title entry-title\"><a href=\"https:\/\/vncarbonmarket.com\/en\/nhung-sai-lam-can-tranh-khi-choi-the-thao-lc88\/\">Nh\u1eefng sai l\u1ea7m c\u1ea7n tr\u00e1nh khi ch\u01a1i th\u1ec3 thao LC88<\/a><\/h2><p class=\"fusion-single-line-meta\"><span class=\"vcard\" style=\"display: none;\"><span class=\"fn\"><a href=\"https:\/\/vncarbonmarket.com\/en\/author\/minhph\/\" title=\"Posts by Pham Hai Minh\" rel=\"author\">Pham Hai Minh<\/a><\/span><\/span><span class=\"updated\" style=\"display:none;\">2026-04-09T11:45:52+07:00<\/span><span>09\/04\/2026<\/span><span class=\"fusion-inline-sep\">|<\/span><\/p><div class=\"fusion-content-sep sep-none\"><\/div><div class=\"fusion-post-content-container\"><p>Khi tham gia c\u00e1 c\u01b0\u1ee3c th\u1ec3 thao, r\u1ea5t nhi\u1ec1u ng\u01b0\u1eddi ch\u01a1i th\u01b0\u1eddng m\u1eafc ph\u1ea3i nh\u1eefng sai l\u1ea7m c\u01a1 b\u1ea3n d\u1eabn...<\/p><\/div><\/div><\/div><div class=\"fusion-clearfix\"><\/div><\/div>\n<\/article>\n<article id=\"blog-1-post-2631\" class=\"fusion-post-grid post-2631 post type-post status-publish format-standard hentry category-uncategorized\">\n<div class=\"fusion-post-wrapper\" style=\"background-color:rgba(255,255,255,0);border:none;\">\n\n<div class=\"fusion-post-content-wrapper\" style=\"padding:30px 25px 25px 00px;\"><div class=\"fusion-post-content post-content\"><h2 class=\"blog-shortcode-post-title entry-title\"><a href=\"https:\/\/vncarbonmarket.com\/en\/squeeze-baccarat-la-gi-trai-nghiem-cam-giac-nan-bai-chan-thuc\/\">Squeeze Baccarat l\u00e0 g\u00ec? Tr\u1ea3i nghi\u1ec7m c\u1ea3m gi\u00e1c n\u1eb7n b\u00e0i ch\u00e2n th\u1ef1c<\/a><\/h2><p class=\"fusion-single-line-meta\"><span class=\"vcard\" style=\"display: none;\"><span class=\"fn\"><a href=\"https:\/\/vncarbonmarket.com\/en\/author\/minhph\/\" title=\"Posts by Pham Hai Minh\" rel=\"author\">Pham Hai Minh<\/a><\/span><\/span><span class=\"updated\" style=\"display:none;\">2026-04-05T22:04:00+07:00<\/span><span>05\/04\/2026<\/span><span class=\"fusion-inline-sep\">|<\/span><\/p><div class=\"fusion-content-sep sep-none\"><\/div><div class=\"fusion-post-content-container\"><p>Squeeze Baccarat, m\u1ed9t bi\u1ebfn th\u1ec3 th\u00fa v\u1ecb c\u1ee7a tr\u00f2 ch\u01a1i baccarat truy\u1ec1n th\u1ed1ng, \u0111ang ng\u00e0y c\u00e0ng thu h\u00fat s\u1ef1 ch\u00fa...<\/p><\/div><\/div><\/div><div class=\"fusion-clearfix\"><\/div><\/div>\n<\/article>\n<article id=\"blog-1-post-2630\" class=\"fusion-post-grid post-2630 post type-post status-publish format-standard hentry category-uncategorized\">\n<div class=\"fusion-post-wrapper\" style=\"background-color:rgba(255,255,255,0);border:none;\">\n\n<div class=\"fusion-post-content-wrapper\" style=\"padding:30px 25px 25px 00px;\"><div class=\"fusion-post-content post-content\"><h2 class=\"blog-shortcode-post-title entry-title\"><a href=\"https:\/\/vncarbonmarket.com\/en\/tai-sao-thiet-ke-giao-dien-nen-tang-nay-lai-duoc-toi-uu-hoa-tot-cho-mobile\/\">T\u1ea1i sao thi\u1ebft k\u1ebf giao di\u1ec7n n\u1ec1n t\u1ea3ng n\u00e0y l\u1ea1i \u0111\u01b0\u1ee3c t\u1ed1i \u01b0u h\u00f3a t\u1ed1t cho Mobile?<\/a><\/h2><p class=\"fusion-single-line-meta\"><span class=\"vcard\" style=\"display: none;\"><span class=\"fn\"><a href=\"https:\/\/vncarbonmarket.com\/en\/author\/minhph\/\" title=\"Posts by Pham Hai Minh\" rel=\"author\">Pham Hai Minh<\/a><\/span><\/span><span class=\"updated\" style=\"display:none;\">2026-03-09T12:19:50+07:00<\/span><span>09\/03\/2026<\/span><span class=\"fusion-inline-sep\">|<\/span><\/p><div class=\"fusion-content-sep sep-none\"><\/div><div class=\"fusion-post-content-container\"><p>V\u1edbi t\u01b0 c\u00e1ch l\u00e0 m\u1ed9t k\u1ef9 s\u01b0 chuy\u00ean thi\u1ebft k\u1ebf v\u00e0 t\u1ed1i \u01b0u h\u00f3a h\u1ec7 th\u1ed1ng front-end, t\u00f4i lu\u00f4n \u0111\u1eb7t...<\/p><\/div><\/div><\/div><div class=\"fusion-clearfix\"><\/div><\/div>\n<\/article>\n<article id=\"blog-1-post-2629\" class=\"fusion-post-grid post-2629 post type-post status-publish format-standard hentry category-uncategorized\">\n<div class=\"fusion-post-wrapper\" style=\"background-color:rgba(255,255,255,0);border:none;\">\n\n<div class=\"fusion-post-content-wrapper\" style=\"padding:30px 25px 25px 00px;\"><div class=\"fusion-post-content post-content\"><h2 class=\"blog-shortcode-post-title entry-title\"><a href=\"https:\/\/vncarbonmarket.com\/en\/sunwin-game-bai-top-5-tro-choi-de-kiem-tien-nhat\/\">Sunwin game b\u00e0i: Top 5 tr\u00f2 ch\u01a1i d\u1ec5 ki\u1ebfm ti\u1ec1n nh\u1ea5t<\/a><\/h2><p class=\"fusion-single-line-meta\"><span class=\"vcard\" style=\"display: none;\"><span class=\"fn\"><a href=\"https:\/\/vncarbonmarket.com\/en\/author\/minhph\/\" title=\"Posts by Pham Hai Minh\" rel=\"author\">Pham Hai Minh<\/a><\/span><\/span><span class=\"updated\" style=\"display:none;\">2026-01-06T04:58:39+07:00<\/span><span>06\/01\/2026<\/span><span class=\"fusion-inline-sep\">|<\/span><\/p><div class=\"fusion-content-sep sep-none\"><\/div><div class=\"fusion-post-content-container\"><p>B\u1ea1n \u0111\u00e3 bao gi\u1edd t\u1ef1 h\u1ecfi t\u1ea1i sao c\u00f3 nh\u1eefng ng\u01b0\u1eddi ch\u01a1i lu\u00f4n r\u1eddi b\u00e0n v\u1edbi t\u00fai ti\u1ec1n r\u1ee7ng r\u1ec9nh,...<\/p><\/div><\/div><\/div><div class=\"fusion-clearfix\"><\/div><\/div>\n<\/article>\n<div class=\"fusion-clearfix\"><\/div><\/div><div class=\"pagination clearfix\"><span class=\"current\">1<\/span><a href=\"https:\/\/vncarbonmarket.com\/en\/wp-json\/wp\/v2\/pages\/27\/page\/2\/\" class=\"inactive\">2<\/a><a href=\"https:\/\/vncarbonmarket.com\/en\/wp-json\/wp\/v2\/pages\/27\/page\/3\/\" class=\"inactive\">3<\/a><a href=\"https:\/\/vncarbonmarket.com\/en\/wp-json\/wp\/v2\/pages\/27\/page\/4\/\" class=\"inactive\">4<\/a><a href=\"https:\/\/vncarbonmarket.com\/en\/wp-json\/wp\/v2\/pages\/27\/page\/5\/\" class=\"inactive\">5<\/a><a href=\"https:\/\/vncarbonmarket.com\/en\/wp-json\/wp\/v2\/pages\/27\/page\/6\/\" class=\"inactive\">6<\/a><a href=\"https:\/\/vncarbonmarket.com\/en\/wp-json\/wp\/v2\/pages\/27\/page\/7\/\" class=\"inactive\">7<\/a><a href=\"https:\/\/vncarbonmarket.com\/en\/wp-json\/wp\/v2\/pages\/27\/page\/8\/\" class=\"inactive\">8<\/a><a href=\"https:\/\/vncarbonmarket.com\/en\/wp-json\/wp\/v2\/pages\/27\/page\/9\/\" class=\"inactive\">9<\/a><a href=\"https:\/\/vncarbonmarket.com\/en\/wp-json\/wp\/v2\/pages\/27\/page\/10\/\" class=\"inactive\">10<\/a><a href=\"https:\/\/vncarbonmarket.com\/en\/wp-json\/wp\/v2\/pages\/27\/page\/11\/\" class=\"inactive\">11<\/a><span class=\"pagination-dots paginations-dots-end\">&middot;&middot;&middot;<\/span><a href=\"https:\/\/vncarbonmarket.com\/en\/wp-json\/wp\/v2\/pages\/27\/page\/17\/\" class=\"inactive\">17<\/a><a href=\"https:\/\/vncarbonmarket.com\/en\/wp-json\/wp\/v2\/pages\/27\/page\/18\/\" class=\"inactive\">18<\/a><a href=\"https:\/\/vncarbonmarket.com\/en\/wp-json\/wp\/v2\/pages\/27\/page\/19\/\" class=\"inactive\">19<\/a><a href=\"https:\/\/vncarbonmarket.com\/en\/wp-json\/wp\/v2\/pages\/27\/page\/20\/\" class=\"inactive\">20<\/a><a href=\"https:\/\/vncarbonmarket.com\/en\/wp-json\/wp\/v2\/pages\/27\/page\/21\/\" class=\"inactive\">21<\/a><a href=\"https:\/\/vncarbonmarket.com\/en\/wp-json\/wp\/v2\/pages\/27\/page\/22\/\" class=\"inactive\">22<\/a><a href=\"https:\/\/vncarbonmarket.com\/en\/wp-json\/wp\/v2\/pages\/27\/page\/23\/\" class=\"inactive\">23<\/a><a href=\"https:\/\/vncarbonmarket.com\/en\/wp-json\/wp\/v2\/pages\/27\/page\/24\/\" class=\"inactive\">24<\/a><a href=\"https:\/\/vncarbonmarket.com\/en\/wp-json\/wp\/v2\/pages\/27\/page\/25\/\" class=\"inactive\">25<\/a><a href=\"https:\/\/vncarbonmarket.com\/en\/wp-json\/wp\/v2\/pages\/27\/page\/26\/\" class=\"inactive\">26<\/a><a class=\"pagination-next\" rel=\"next\" href=\"https:\/\/vncarbonmarket.com\/en\/wp-json\/wp\/v2\/pages\/27\/page\/2\/\"><span class=\"page-text\">Next<\/span><span class=\"page-next\"><\/span><\/a><\/div><div class=\"fusion-clearfix\"><\/div><\/div><\/div><\/div><\/div><\/div><div class=\"fusion-fullwidth fullwidth-box fusion-builder-row-2 fusion-flex-container nonhundred-percent-fullwidth non-hundred-percent-height-scrolling\" style=\"--awb-border-radius-top-left:0px;--awb-border-radius-top-right:0px;--awb-border-radius-bottom-right:0px;--awb-border-radius-bottom-left:0px;--awb-padding-top:60px;--awb-padding-bottom:60px;--awb-background-color:var(--awb-color5);--awb-background-image:linear-gradient(105deg, var(--awb-color6) 12%,rgba(255,255,255,0) 77%);--awb-flex-wrap:wrap;\" ><div class=\"fusion-builder-row fusion-row fusion-flex-align-items-center fusion-flex-justify-content-center fusion-flex-content-wrap\" style=\"max-width:1248px;margin-left: calc(-4% \/ 2 );margin-right: calc(-4% \/ 2 );\"><div class=\"fusion-layout-column fusion_builder_column fusion-builder-column-1 fusion-flex-column fusion-animated\" style=\"--awb-bg-size:cover;--awb-width-large:15%;--awb-margin-top-large:0px;--awb-spacing-right-large:12.8%;--awb-margin-bottom-large:0px;--awb-spacing-left-large:12.8%;--awb-width-medium:100%;--awb-order-medium:0;--awb-spacing-right-medium:1.92%;--awb-spacing-left-medium:1.92%;--awb-width-small:100%;--awb-order-small:0;--awb-spacing-right-small:1.92%;--awb-spacing-left-small:1.92%;\" data-animationType=\"fadeInUp\" data-animationDuration=\"1.0\" data-animationOffset=\"top-into-view\"><div class=\"fusion-column-wrapper fusion-column-has-shadow fusion-flex-justify-content-flex-start fusion-content-layout-column\"><\/div><\/div><div class=\"fusion-layout-column fusion_builder_column fusion-builder-column-2 fusion_builder_column_3_5 3_5 fusion-flex-column fusion-animated\" style=\"--awb-padding-right:134px;--awb-padding-top-medium:39px;--awb-padding-right-medium:0px;--awb-padding-bottom-medium:27px;--awb-bg-size:cover;--awb-width-large:60%;--awb-margin-top-large:0px;--awb-spacing-right-large:3.2%;--awb-margin-bottom-large:0px;--awb-spacing-left-large:3.68%;--awb-width-medium:80%;--awb-order-medium:0;--awb-spacing-right-medium:2.4%;--awb-spacing-left-medium:2.76%;--awb-width-small:100%;--awb-order-small:0;--awb-spacing-right-small:1.92%;--awb-spacing-left-small:1.92%;\" data-animationType=\"fadeInUp\" data-animationDuration=\"1.0\" data-animationOffset=\"top-into-view\"><div class=\"fusion-column-wrapper fusion-column-has-shadow fusion-flex-justify-content-flex-start fusion-content-layout-column\"><div class=\"fusion-title title fusion-title-1 fusion-sep-none fusion-title-text fusion-title-size-two\" style=\"--awb-text-color:var(--awb-color1);--awb-font-size:40px;\"><h2 class=\"fusion-title-heading title-heading-left md-text-align-center sm-text-align-center fusion-responsive-typography-calculated\" style=\"margin:0;font-size:1em;--fontSize:40;line-height:1.05;\">Explore our tools<\/h2><\/div><div class=\"fusion-text fusion-text-1 md-text-align-center sm-text-align-center\" style=\"--awb-text-color:var(--awb-color1);\"><p>Under construction<\/p>\n<\/div><\/div><\/div><div class=\"fusion-layout-column fusion_builder_column fusion-builder-column-3 fusion-flex-column fusion-animated\" style=\"--awb-bg-size:cover;--awb-width-large:25%;--awb-margin-top-large:0px;--awb-spacing-right-large:7.68%;--awb-margin-bottom-large:0px;--awb-spacing-left-large:7.68%;--awb-width-medium:100%;--awb-order-medium:0;--awb-spacing-right-medium:1.92%;--awb-spacing-left-medium:1.92%;--awb-width-small:100%;--awb-order-small:0;--awb-spacing-right-small:1.92%;--awb-spacing-left-small:1.92%;\" data-animationType=\"fadeInUp\" data-animationDuration=\"1.0\" data-animationOffset=\"top-into-view\"><div class=\"fusion-column-wrapper fusion-column-has-shadow fusion-flex-justify-content-flex-start fusion-content-layout-column\"><div class=\"md-text-align-center sm-text-align-center\"><a class=\"fusion-button button-flat fusion-button-default-size button-custom fusion-button-default button-1 fusion-button-default-span fusion-button-default-type\" style=\"--button_accent_color:var(--awb-color5);--button_border_color:var(--awb-color5);--button_accent_hover_color:var(--awb-color1);--button_border_hover_color:var(--awb-color1);--button_gradient_top_color:var(--awb-color1);--button_gradient_bottom_color:var(--awb-color1);--button_gradient_top_color_hover:hsla(var(--awb-color5-h),var(--awb-color5-s),calc(var(--awb-color5-l) - 6%),var(--awb-color5-a));--button_gradient_bottom_color_hover:hsla(var(--awb-color5-h),var(--awb-color5-s),calc(var(--awb-color5-l) - 6%),var(--awb-color5-a));\" target=\"_self\" href=\"https:\/\/vncarbonmarket.com\/book-a-consultation\/\"><span class=\"fusion-button-text\">Book A Consultation<\/span><\/a><\/div><\/div><\/div><\/div><\/div>\n","protected":false},"excerpt":{"rendered":"","protected":false},"author":1,"featured_media":0,"parent":0,"menu_order":0,"comment_status":"closed","ping_status":"closed","template":"100-width.php","meta":{"footnotes":""},"class_list":["post-27","page","type-page","status-publish","hentry"],"acf":[],"_links":{"self":[{"href":"https:\/\/vncarbonmarket.com\/en\/wp-json\/wp\/v2\/pages\/27"}],"collection":[{"href":"https:\/\/vncarbonmarket.com\/en\/wp-json\/wp\/v2\/pages"}],"about":[{"href":"https:\/\/vncarbonmarket.com\/en\/wp-json\/wp\/v2\/types\/page"}],"author":[{"embeddable":true,"href":"https:\/\/vncarbonmarket.com\/en\/wp-json\/wp\/v2\/users\/1"}],"replies":[{"embeddable":true,"href":"https:\/\/vncarbonmarket.com\/en\/wp-json\/wp\/v2\/comments?post=27"}],"version-history":[{"count":5,"href":"https:\/\/vncarbonmarket.com\/en\/wp-json\/wp\/v2\/pages\/27\/revisions"}],"predecessor-version":[{"id":834,"href":"https:\/\/vncarbonmarket.com\/en\/wp-json\/wp\/v2\/pages\/27\/revisions\/834"}],"wp:attachment":[{"href":"https:\/\/vncarbonmarket.com\/en\/wp-json\/wp\/v2\/media?parent=27"}],"curies":[{"name":"wp","href":"https:\/\/api.w.org\/{rel}","templated":true}]}}